{"id":352,"date":"2023-06-16T18:53:56","date_gmt":"2023-06-16T18:53:56","guid":{"rendered":"https:\/\/5deabrilde15232.com\/?page_id=352"},"modified":"2023-06-16T19:00:04","modified_gmt":"2023-06-16T19:00:04","slug":"sonosferas-2","status":"publish","type":"page","link":"https:\/\/5deabrilde15232.com\/index.php\/sonosferas-2\/","title":{"rendered":"sonosferas"},"content":{"rendered":"<p>[et_pb_section fb_built=&#8221;1&#8243; _builder_version=&#8221;4.21.0&#8243; _module_preset=&#8221;default&#8221; background_color=&#8221;gcid-d06a74c0-103f-41bd-b263-26f07fa3acc5&#8243; custom_padding=&#8221;7px||4px|||&#8221; global_colors_info=&#8221;{%22gcid-d06a74c0-103f-41bd-b263-26f07fa3acc5%22:%91%22background_color%22%93}&#8221;][et_pb_row _builder_version=&#8221;4.21.0&#8243; _module_preset=&#8221;default&#8221; global_colors_info=&#8221;{}&#8221;][et_pb_column type=&#8221;4_4&#8243; _builder_version=&#8221;4.21.0&#8243; _module_preset=&#8221;default&#8221; global_colors_info=&#8221;{}&#8221;][et_pb_text _builder_version=&#8221;4.21.0&#8243; _module_preset=&#8221;default&#8221; header_2_text_align=&#8221;center&#8221; header_2_text_color=&#8221;gcid-450e7035-fed4-479c-a2c4-dafe32bb1d01&#8243; header_3_text_color=&#8221;gcid-8b327c80-42ce-4469-b0d0-cd77681e6755&#8243; global_colors_info=&#8221;{%22gcid-8b327c80-42ce-4469-b0d0-cd77681e6755%22:%91%22header_3_text_color%22%93,%22gcid-450e7035-fed4-479c-a2c4-dafe32bb1d01%22:%91%22header_2_text_color%22%93}&#8221;]<\/p>\n<h2><span>Programa P\u00fablico<\/span><\/h2>\n<p>[\/et_pb_text][\/et_pb_column][\/et_pb_row][\/et_pb_section][et_pb_section fb_built=&#8221;1&#8243; _builder_version=&#8221;4.21.0&#8243; _module_preset=&#8221;default&#8221; background_color=&#8221;gcid-95532fe2-b533-45be-a1fd-121a4e99dc88&#8243; global_colors_info=&#8221;{%22gcid-95532fe2-b533-45be-a1fd-121a4e99dc88%22:%91%22background_color%22%93}&#8221;][et_pb_row column_structure=&#8221;1_3,1_3,1_3&#8243; _builder_version=&#8221;4.21.0&#8243; _module_preset=&#8221;default&#8221; max_width=&#8221;2560px&#8221; module_alignment=&#8221;center&#8221; custom_padding=&#8221;|80px||80px|false|false&#8221; global_colors_info=&#8221;{}&#8221;][et_pb_column type=&#8221;1_3&#8243; _builder_version=&#8221;4.21.0&#8243; _module_preset=&#8221;default&#8221; global_colors_info=&#8221;{}&#8221;][et_pb_image src=&#8221;http:\/\/5deabrilde15232.com\/wp-content\/uploads\/2023\/06\/sonosferas.jpg&#8221; _builder_version=&#8221;4.21.0&#8243; _module_preset=&#8221;default&#8221; max_width=&#8221;50%&#8221; hover_enabled=&#8221;0&#8243; global_colors_info=&#8221;{}&#8221; title_text=&#8221;sonosferas&#8221; sticky_enabled=&#8221;0&#8243;][\/et_pb_image][\/et_pb_column][et_pb_column type=&#8221;1_3&#8243; _builder_version=&#8221;4.21.0&#8243; _module_preset=&#8221;default&#8221; global_colors_info=&#8221;{}&#8221;][et_pb_text _builder_version=&#8221;4.21.0&#8243; _module_preset=&#8221;default&#8221; hover_enabled=&#8221;0&#8243; global_colors_info=&#8221;{}&#8221; sticky_enabled=&#8221;0&#8243;]<\/p>\n<p><strong><em>Son\u00f3sferas<\/em>,<span>\u00a0<\/span><\/strong>2023<\/p>\n<p class=\"p1\">El siglo XX vio nacer la m\u00fasica de las m\u00e1quinas que operan a partir de variaciones de voltaje. Con ello no s\u00f3lo se descubri\u00f3 un nuevo estilo art\u00edstico, sino que se articul\u00f3 un nuevo lenguaje, es decir, emergi\u00f3 un continente de experiencias culturales in\u00e9ditas. No se trat\u00f3 \u00fanicamente de replantearse lo que era la m\u00fasica, sino de explorar las dimensiones y los l\u00edmites de lo humano. Con el tiempo, la m\u00fasica electr\u00f3nica aliment\u00f3 los imaginarios futuristas y, parad\u00f3jicamente, cre\u00f3 ambientes dist\u00f3picos que fueron la negaci\u00f3n de toda proyecci\u00f3n futurista.<\/p>\n<p class=\"p1\">A lo largo de cuatro sesiones (con una duraci\u00f3n aproximada de una hora cada una) Son\u00f3sferas explorar\u00e1 distintas est\u00e9ticas basadas en los sonidos electr\u00f3nicos, en relaci\u00f3n con la crisis de lo \u00abhumano\u00bb.<\/p>\n<p class=\"p1\">___<\/p>\n<p class=\"p1\">Jorge Sol\u00eds Arenazas es ensayista y productor sonoro, que trabaja en el \u00e1mbito de la m\u00fasica electr\u00f3nica experimental y las grabaciones de campo. Es autor de varios libros (entre ellos Cuerpos resonantes, publicado por el CCD) y programas radiof\u00f3nicos, para Radio UNAM y otros espacios independientes. Es creador y editor de la plataforma www.vanosonoro.com. Creador de m\u00fasica acusm\u00e1tica para cine y danza contempor\u00e1nea, as\u00ed como instalaciones sonoras. En 2024 aparecer\u00e1 su \u00e1lbum debut en la disquera LINE, de Los Angeles.<\/p>\n<p>[\/et_pb_text][\/et_pb_column][et_pb_column type=&#8221;1_3&#8243; _builder_version=&#8221;4.21.0&#8243; _module_preset=&#8221;default&#8221; global_colors_info=&#8221;{}&#8221;][et_pb_text _builder_version=&#8221;4.21.0&#8243; _module_preset=&#8221;default&#8221; text_line_height=&#8221;1em&#8221; hover_enabled=&#8221;0&#8243; global_colors_info=&#8221;{%22gcid-450e7035-fed4-479c-a2c4-dafe32bb1d01%22:%91%22text_text_color%22%93}&#8221; link_option_url=&#8221;@ET-DC@eyJkeW5hbWljIjp0cnVlLCJjb250ZW50IjoicG9zdF9tZXRhX2tleSIsInNldHRpbmdzIjp7ImJlZm9yZSI6IiIsImFmdGVyIjoiIiwibWV0YV9rZXkiOiIifX0=@&#8221; _dynamic_attributes=&#8221;link_option_url&#8221; text_text_color=&#8221;gcid-450e7035-fed4-479c-a2c4-dafe32bb1d01&#8243; sticky_enabled=&#8221;0&#8243;]<\/p>\n<p><span style=\"color: #808080;\"><a href=\"https:\/\/www.centroculturadigital.mx\/actividad\/sonosferas\" target=\"_blank\" rel=\"noopener\" style=\"color: #808080;\"><strong>ESCUCHA LA TRANSMISI\u00d3N EN RADIO CCD<\/strong><\/a><\/span><\/p>\n<p>[\/et_pb_text][\/et_pb_column][\/et_pb_row][\/et_pb_section]<\/p>\n","protected":false},"excerpt":{"rendered":"<p>Programa P\u00fablicoSon\u00f3sferas,\u00a02023 El siglo XX vio nacer la m\u00fasica de las m\u00e1quinas que operan a partir de variaciones de voltaje. Con ello no s\u00f3lo se descubri\u00f3 un nuevo estilo art\u00edstico, sino que se articul\u00f3 un nuevo lenguaje, es decir, emergi\u00f3 un continente de experiencias culturales in\u00e9ditas. No se trat\u00f3 \u00fanicamente de replantearse lo que era [&hellip;]<\/p>\n","protected":false},"author":2,"featured_media":0,"parent":0,"menu_order":0,"comment_status":"closed","ping_status":"closed","template":"","meta":{"_et_pb_use_builder":"on","_et_pb_old_content":"","_et_gb_content_width":"","footnotes":""},"class_list":["post-352","page","type-page","status-publish","hentry"],"_links":{"self":[{"href":"https:\/\/5deabrilde15232.com\/index.php\/wp-json\/wp\/v2\/pages\/352","targetHints":{"allow":["GET"]}}],"collection":[{"href":"https:\/\/5deabrilde15232.com\/index.php\/wp-json\/wp\/v2\/pages"}],"about":[{"href":"https:\/\/5deabrilde15232.com\/index.php\/wp-json\/wp\/v2\/types\/page"}],"author":[{"embeddable":true,"href":"https:\/\/5deabrilde15232.com\/index.php\/wp-json\/wp\/v2\/users\/2"}],"replies":[{"embeddable":true,"href":"https:\/\/5deabrilde15232.com\/index.php\/wp-json\/wp\/v2\/comments?post=352"}],"version-history":[{"count":3,"href":"https:\/\/5deabrilde15232.com\/index.php\/wp-json\/wp\/v2\/pages\/352\/revisions"}],"predecessor-version":[{"id":356,"href":"https:\/\/5deabrilde15232.com\/index.php\/wp-json\/wp\/v2\/pages\/352\/revisions\/356"}],"wp:attachment":[{"href":"https:\/\/5deabrilde15232.com\/index.php\/wp-json\/wp\/v2\/media?parent=352"}],"curies":[{"name":"wp","href":"https:\/\/api.w.org\/{rel}","templated":true}]}}