{"id":22,"date":"2023-06-14T01:51:26","date_gmt":"2023-06-14T01:51:26","guid":{"rendered":"https:\/\/5deabrilde15232.com\/?page_id=22"},"modified":"2023-06-14T22:12:18","modified_gmt":"2023-06-14T22:12:18","slug":"semblanzas","status":"publish","type":"page","link":"https:\/\/5deabrilde15232.com\/index.php\/semblanzas\/","title":{"rendered":"semblanzas"},"content":{"rendered":"<p>[et_pb_section fb_built=&#8221;1&#8243; _builder_version=&#8221;4.21.0&#8243; _module_preset=&#8221;default&#8221; background_color=&#8221;gcid-b8110760-0279-49bf-a31e-b0a3ab27bf7e&#8221; global_colors_info=&#8221;{%22gcid-b8110760-0279-49bf-a31e-b0a3ab27bf7e%22:%91%22background_color%22%93}&#8221;][et_pb_row _builder_version=&#8221;4.21.0&#8243; _module_preset=&#8221;default&#8221; global_colors_info=&#8221;{}&#8221;][et_pb_column type=&#8221;4_4&#8243; _builder_version=&#8221;4.21.0&#8243; _module_preset=&#8221;default&#8221; global_colors_info=&#8221;{}&#8221;][et_pb_text _builder_version=&#8221;4.21.0&#8243; _module_preset=&#8221;default&#8221; text_font=&#8221;|700|||||||&#8221; text_text_color=&#8221;gcid-95532fe2-b533-45be-a1fd-121a4e99dc88&#8243; text_font_size=&#8221;24px&#8221; text_line_height=&#8221;1.8em&#8221; global_colors_info=&#8221;{%22gcid-95532fe2-b533-45be-a1fd-121a4e99dc88%22:%91%22text_text_color%22%93}&#8221;]<\/p>\n<p style=\"text-align: left;\">Un grupo de observadores y viajeros que hablan lenguajes distintos, coincidiendo en ocasiones d\u00e1ndose el avi\u00f3n el 70% del tiempo.<br \/>Lidiando con la inestabilidad emocional de cada uno.<\/p>\n<p>[\/et_pb_text][\/et_pb_column][\/et_pb_row][\/et_pb_section][et_pb_section fb_built=&#8221;1&#8243; _builder_version=&#8221;4.21.0&#8243; _module_preset=&#8221;default&#8221; background_color=&#8221;gcid-95532fe2-b533-45be-a1fd-121a4e99dc88&#8243; global_colors_info=&#8221;{%22gcid-95532fe2-b533-45be-a1fd-121a4e99dc88%22:%91%22background_color%22%93}&#8221; custom_padding=&#8221;130px||130px|||&#8221;][et_pb_row _builder_version=&#8221;4.21.0&#8243; _module_preset=&#8221;default&#8221; global_colors_info=&#8221;{}&#8221;][et_pb_column type=&#8221;4_4&#8243; _builder_version=&#8221;4.21.0&#8243; _module_preset=&#8221;default&#8221; global_colors_info=&#8221;{}&#8221;][et_pb_text _builder_version=&#8221;4.21.0&#8243; _module_preset=&#8221;default&#8221; text_text_color=&#8221;gcid-450e7035-fed4-479c-a2c4-dafe32bb1d01&#8243; text_font_size=&#8221;16px&#8221; text_line_height=&#8221;3em&#8221; header_2_font_size=&#8221;41px&#8221; global_colors_info=&#8221;{%22gcid-450e7035-fed4-479c-a2c4-dafe32bb1d01%22:%91%22text_text_color%22%93}&#8221;]<\/p>\n<p class=\"p1\"><strong>Ale de la Puente<span class=\"s1\">\uff5c <\/span><\/strong>Navegante de universos y cazadora de coincidencias.<\/p>\n<p class=\"p1\"><strong>Emilio Hinojosa Carri\u00f3n <span class=\"s1\">\uff5c <\/span><\/strong>Compositor. Lo bautizaron en Villahermosa Tabasco, con un \u00edndice de humedad del 68%.<\/p>\n<p class=\"p1\"><strong>Michel Blancsub\u00e9 <span class=\"s1\">\uff5c <\/span><\/strong>Cavern\u00edcola, acompa\u00f1ante de artistas, a\u00fan no tan seguro de haber tomado la decisi\u00f3n correcta al salir del abismo.<\/p>\n<p class=\"p1\"><strong>Fernando Espinosa <span class=\"s1\">\uff5c <\/span><\/strong>Pragm\u00e1tico por necesidad, dando forma y color desde la gran depresi\u00f3n del 77.<\/p>\n<p class=\"p1\"><strong>Nydia Pineda de \u00c1vila <span class=\"s1\">\uff5c <\/span><\/strong>Piscatora de cielos pasados.<\/p>\n<p class=\"p1\"><strong>Velia Gonz\u00e1lez<span class=\"s1\">\uff5c <\/span><\/strong>Naci\u00f3 en un equinoccio de oto\u00f1o. Poniendo orden desde 1986. #facturaresmipasion<\/p>\n<p>[\/et_pb_text][\/et_pb_column][\/et_pb_row][\/et_pb_section]<\/p>\n","protected":false},"excerpt":{"rendered":"<p>Un grupo de observadores y viajeros que hablan lenguajes distintos, coincidiendo en ocasiones d\u00e1ndose el avi\u00f3n el 70% del tiempo.Lidiando con la inestabilidad emocional de cada uno.Ale de la Puente\uff5c Navegante de universos y cazadora de coincidencias. Emilio Hinojosa Carri\u00f3n \uff5c Compositor. Lo bautizaron en Villahermosa Tabasco, con un \u00edndice de humedad del 68%. Michel [&hellip;]<\/p>\n","protected":false},"author":2,"featured_media":0,"parent":0,"menu_order":0,"comment_status":"closed","ping_status":"closed","template":"","meta":{"_et_pb_use_builder":"on","_et_pb_old_content":"","_et_gb_content_width":"","footnotes":""},"class_list":["post-22","page","type-page","status-publish","hentry"],"_links":{"self":[{"href":"https:\/\/5deabrilde15232.com\/index.php\/wp-json\/wp\/v2\/pages\/22","targetHints":{"allow":["GET"]}}],"collection":[{"href":"https:\/\/5deabrilde15232.com\/index.php\/wp-json\/wp\/v2\/pages"}],"about":[{"href":"https:\/\/5deabrilde15232.com\/index.php\/wp-json\/wp\/v2\/types\/page"}],"author":[{"embeddable":true,"href":"https:\/\/5deabrilde15232.com\/index.php\/wp-json\/wp\/v2\/users\/2"}],"replies":[{"embeddable":true,"href":"https:\/\/5deabrilde15232.com\/index.php\/wp-json\/wp\/v2\/comments?post=22"}],"version-history":[{"count":8,"href":"https:\/\/5deabrilde15232.com\/index.php\/wp-json\/wp\/v2\/pages\/22\/revisions"}],"predecessor-version":[{"id":258,"href":"https:\/\/5deabrilde15232.com\/index.php\/wp-json\/wp\/v2\/pages\/22\/revisions\/258"}],"wp:attachment":[{"href":"https:\/\/5deabrilde15232.com\/index.php\/wp-json\/wp\/v2\/media?parent=22"}],"curies":[{"name":"wp","href":"https:\/\/api.w.org\/{rel}","templated":true}]}}