{"id":174,"date":"2023-06-14T19:43:22","date_gmt":"2023-06-14T19:43:22","guid":{"rendered":"https:\/\/5deabrilde15232.com\/?page_id=174"},"modified":"2023-06-16T18:24:44","modified_gmt":"2023-06-16T18:24:44","slug":"home","status":"publish","type":"page","link":"https:\/\/5deabrilde15232.com\/index.php\/home\/","title":{"rendered":"home"},"content":{"rendered":"<p>[et_pb_section fb_built=&#8221;1&#8243; _builder_version=&#8221;4.21.0&#8243; _module_preset=&#8221;default&#8221; background_color=&#8221;gcid-450e7035-fed4-479c-a2c4-dafe32bb1d01&#8243; global_colors_info=&#8221;{%22gcid-450e7035-fed4-479c-a2c4-dafe32bb1d01%22:%91%22background_color%22%93}&#8221;][et_pb_row _builder_version=&#8221;4.21.0&#8243; _module_preset=&#8221;default&#8221; background_image=&#8221;http:\/\/5deabrilde15232.com\/wp-content\/uploads\/2023\/05\/marca-01.png&#8221; background_size=&#8221;initial&#8221; width=&#8221;100%&#8221; max_width=&#8221;2560px&#8221; custom_padding=&#8221;180px||180px||false|false&#8221; global_colors_info=&#8221;{}&#8221;][et_pb_column type=&#8221;4_4&#8243; _builder_version=&#8221;4.21.0&#8243; _module_preset=&#8221;default&#8221; global_colors_info=&#8221;{}&#8221;][et_pb_text _builder_version=&#8221;4.21.0&#8243; _module_preset=&#8221;default&#8221; text_font=&#8221;Crimson Pro||on||||||&#8221; text_text_color=&#8221;gcid-95532fe2-b533-45be-a1fd-121a4e99dc88&#8243; text_font_size=&#8221;72px&#8221; text_line_height=&#8221;2em&#8221; header_2_font=&#8221;Crimson Pro||||||||&#8221; header_2_text_align=&#8221;center&#8221; header_2_text_color=&#8221;gcid-95532fe2-b533-45be-a1fd-121a4e99dc88&#8243; header_2_font_size=&#8221;68px&#8221; min_height=&#8221;53.8px&#8221; custom_margin=&#8221;||21px|||&#8221; global_colors_info=&#8221;{%22gcid-95532fe2-b533-45be-a1fd-121a4e99dc88%22:%91%22text_text_color%22,%22header_2_text_color%22%93}&#8221;]<\/p>\n<h2 style=\"text-align: center;\">5 de abril de 15,232<\/h2>\n<p>[\/et_pb_text][et_pb_text _builder_version=&#8221;4.21.0&#8243; _module_preset=&#8221;default&#8221; text_text_color=&#8221;gcid-95532fe2-b533-45be-a1fd-121a4e99dc88&#8243; text_font_size=&#8221;21px&#8221; header_3_font=&#8221;|700|||||||&#8221; header_3_text_color=&#8221;gcid-95532fe2-b533-45be-a1fd-121a4e99dc88&#8243; header_3_font_size=&#8221;24px&#8221; text_orientation=&#8221;center&#8221; custom_margin=&#8221;-4px||7px|||&#8221; global_colors_info=&#8221;{%22gcid-95532fe2-b533-45be-a1fd-121a4e99dc88%22:%91%22text_text_color%22,%22header_3_text_color%22%93}&#8221;]<\/p>\n<h3 style=\"text-align: center;\">Ale de la Puente\u00a0 |\u00a0 Emilio Hinojosa Carri\u00f3n<\/h3>\n<p>[\/et_pb_text][et_pb_text _builder_version=&#8221;4.21.0&#8243; _module_preset=&#8221;default&#8221; text_text_color=&#8221;gcid-95532fe2-b533-45be-a1fd-121a4e99dc88&#8243; text_font_size=&#8221;18px&#8221; global_colors_info=&#8221;{%22gcid-95532fe2-b533-45be-a1fd-121a4e99dc88%22:%91%22text_text_color%22%93}&#8221;]<\/p>\n<p style=\"text-align: center;\">Michel Blancsub\u00e9\u00a0 | Nydia Pineda de \u00c1vila\u00a0 |\u00a0 Fernando Espinosa\u00a0 |\u00a0 Velia Gonz\u00e1lez<\/p>\n<p>[\/et_pb_text][\/et_pb_column][\/et_pb_row][\/et_pb_section][et_pb_section fb_built=&#8221;1&#8243; _builder_version=&#8221;4.21.0&#8243; _module_preset=&#8221;default&#8221; background_color=&#8221;gcid-450e7035-fed4-479c-a2c4-dafe32bb1d01&#8243; custom_padding=&#8221;9px||8px|||&#8221; global_colors_info=&#8221;{%22gcid-450e7035-fed4-479c-a2c4-dafe32bb1d01%22:%91%22background_color%22%93}&#8221;][et_pb_row _builder_version=&#8221;4.21.0&#8243; _module_preset=&#8221;default&#8221; global_colors_info=&#8221;{}&#8221;][et_pb_column type=&#8221;4_4&#8243; _builder_version=&#8221;4.21.0&#8243; _module_preset=&#8221;default&#8221; global_colors_info=&#8221;{}&#8221;][et_pb_text _builder_version=&#8221;4.21.0&#8243; _module_preset=&#8221;default&#8221; text_font=&#8221;Crimson Pro||on||||||&#8221; text_text_color=&#8221;gcid-95532fe2-b533-45be-a1fd-121a4e99dc88&#8243; text_font_size=&#8221;20px&#8221; header_3_font=&#8221;Crimson Pro|300|on||||||&#8221; header_3_text_align=&#8221;center&#8221; header_3_text_color=&#8221;gcid-b8110760-0279-49bf-a31e-b0a3ab27bf7e&#8221; header_3_font_size=&#8221;30px&#8221; custom_padding=&#8221;36px||17px|||&#8221; global_colors_info=&#8221;{%22gcid-95532fe2-b533-45be-a1fd-121a4e99dc88%22:%91%22text_text_color%22%93,%22gcid-b8110760-0279-49bf-a31e-b0a3ab27bf7e%22:%91%22header_3_text_color%22%93}&#8221;]<\/p>\n<h3 style=\"text-align: center;\">Un ciclo solar: entre equinoccios de primavera, 2023-2024<\/h3>\n<p>[\/et_pb_text][\/et_pb_column][\/et_pb_row][\/et_pb_section][et_pb_section fb_built=&#8221;1&#8243; _builder_version=&#8221;4.21.0&#8243; _module_preset=&#8221;default&#8221; background_color=&#8221;gcid-450e7035-fed4-479c-a2c4-dafe32bb1d01&#8243; custom_padding=&#8221;||11px|||&#8221; global_colors_info=&#8221;{%22gcid-450e7035-fed4-479c-a2c4-dafe32bb1d01%22:%91%22background_color%22%93}&#8221;][et_pb_row _builder_version=&#8221;4.21.0&#8243; _module_preset=&#8221;default&#8221; global_colors_info=&#8221;{}&#8221;][et_pb_column type=&#8221;4_4&#8243; _builder_version=&#8221;4.21.0&#8243; _module_preset=&#8221;default&#8221; global_colors_info=&#8221;{}&#8221;][et_pb_image src=&#8221;http:\/\/5deabrilde15232.com\/wp-content\/uploads\/2023\/06\/sedes03.png&#8221; title_text=&#8221;sedes03&#8243; align=&#8221;center&#8221; _builder_version=&#8221;4.21.0&#8243; _module_preset=&#8221;default&#8221; global_colors_info=&#8221;{}&#8221;][\/et_pb_image][\/et_pb_column][\/et_pb_row][\/et_pb_section][et_pb_section fb_built=&#8221;1&#8243; _builder_version=&#8221;4.21.0&#8243; _module_preset=&#8221;default&#8221; background_color=&#8221;gcid-450e7035-fed4-479c-a2c4-dafe32bb1d01&#8243; min_height=&#8221;709px&#8221; custom_margin=&#8221;||-9px|||&#8221; custom_padding=&#8221;||40px|||&#8221; global_colors_info=&#8221;{%22gcid-450e7035-fed4-479c-a2c4-dafe32bb1d01%22:%91%22background_color%22%93}&#8221;][et_pb_row _builder_version=&#8221;4.21.0&#8243; _module_preset=&#8221;default&#8221; width=&#8221;100%&#8221; max_width=&#8221;1280px&#8221; module_alignment=&#8221;center&#8221; custom_padding=&#8221;|20px||20px|false|false&#8221; global_colors_info=&#8221;{}&#8221;][et_pb_column type=&#8221;4_4&#8243; _builder_version=&#8221;4.21.0&#8243; _module_preset=&#8221;default&#8221; global_colors_info=&#8221;{}&#8221;][et_pb_text _builder_version=&#8221;4.21.0&#8243; _module_preset=&#8221;default&#8221; text_font_size=&#8221;16px&#8221; global_colors_info=&#8221;{}&#8221;]<\/p>\n<p>Revisitar el pasado e imaginar el futuro son, junto con la obligaci\u00f3n de pensar y vivir el presente, tres ocupaciones comunes de la mente. Oponemos a menudo el horizonte y la luz con que asociamos el porvenir a la oscuridad en que se desvanece y hunde el pasado. *<\/p>\n<p>Pasado que por naturaleza no puede volver, aunque se nos d\u00e9 la oportunidad de repetir ciertas experiencias, errores incluidos, sin tampoco vivirlas dos veces de manera id\u00e9ntica, dado que cada segundo que pasa modifica el entorno y lo que somos o imaginamos ser.<\/p>\n<p>Los cient\u00edficos, especialmente los que exploran el firmamento, astrof\u00edsicos y astr\u00f3nomos, pero tambi\u00e9n los que estudian la Tierra, ge\u00f3logos, vulcan\u00f3logos y otros karst\u00f3logos, est\u00e1n acostumbrados a contar las edades de las entidades que pueblan el universo o el subsuelo del planeta en millones y billones de a\u00f1os.<\/p>\n<p>Comparada con estas duraciones estratosf\u00e9ricas, nuestra pobre esperanza de vida, que casualmente cruza el siglo, es irrisoria. Sin embargo, por desastroso que sea nuestro paso en t\u00e9rminos de duraci\u00f3n, este tiempo de nada, este destello existencial nos permite aprehender el universo y su inmensidad, sus mecanismos, algunas de sus anomal\u00edas, el eterno retorno de coincidencias y citas astrales que jalonan sus pasado y futuro ilimitados.<\/p>\n<p>El programa de exposiciones y eventos asociados, en la nube y f\u00edsicos, imaginado por Ale de la Puente se basa en una de estas convergencias previstas con mayor o menor precisi\u00f3n por los astr\u00f3nomos. El planeta Venus era importante para las civilizaciones precolombinas, en particular para los mayas quienes quiz\u00e1s le daban m\u00e1s importancia que al Sol.<\/p>\n<p>Identificaban a Venus con el dios Kukulc\u00e1n, equivalente maya de Quetzalc\u00f3atl, y basaban su calendario principalmente en los ciclos de Venus. Trazaron su ciclo completo que podemos consultar en el c\u00f3dice de Dresde, pero, a pesar de su conocimiento preciso de los movimientos de \u201cla gran estrella\u201d como la nombraban, no mencionan el tr\u00e1nsito. La simultaneidad de un eclipse solar con un tr\u00e1nsito de Venus es posible pero muy poco frecuente. La pr\u00f3xima ocurrencia de este fen\u00f3meno est\u00e1 prevista para el 5 de abril de 15,232 y ser\u00eda observable desde Baja California, entre otros lugares del planeta. Ale de la Puente realiz\u00f3 varias residencias en el \u00e1mbito cient\u00edfico de las cuales rescato su mes de navegaci\u00f3n en septiembre de 2021 en el mar de Cort\u00e9s sobre el buque de investigaci\u00f3n oceanogr\u00e1fica RV FALKOR por haber sido uno de sus primeros acercamientos a la pen\u00ednsula de Baja California. Regres\u00f3 de este mes de navegaci\u00f3n con unas im\u00e1genes fant\u00e1sticas, por no decir surrealistas, de organismos desconocidos encontrados entre 3 y 4000 metros de profundidad. En mayo del siguiente a\u00f1o, realiz\u00f3 otro viaje de investigaci\u00f3n empezando por la observaci\u00f3n de un eclipse total de luna desde el Observatorio Astron\u00f3mico Nacional San Pedro M\u00e1rtir durante la noche del 14 al 15. El recorrido llev\u00f3 a la artista y sus acompa\u00f1antes a diversos sitios incluyendo unos de pinturas rupestres, otros parcialmente des\u00e9rticos albergando oasis y extra\u00f1as plantas prehist\u00f3ricas, los cirios. La propuesta desarrolla una narrativa semejante a un relato de ciencia ficci\u00f3n que asocia una proyecci\u00f3n en un futuro lejano a una mirada por atr\u00e1s cuando los habitantes de la regi\u00f3n marcaban su presencia en el territorio tallando y pintando la roca.<\/p>\n<p>[\/et_pb_text][et_pb_image src=&#8221;http:\/\/5deabrilde15232.com\/wp-content\/uploads\/2023\/06\/mapa_itinerancia_rgb-02-transp-e1686795843639.png&#8221; align=&#8221;center&#8221; _builder_version=&#8221;4.21.0&#8243; _module_preset=&#8221;default&#8221; custom_margin=&#8221;||21px|||&#8221; global_colors_info=&#8221;{}&#8221;][\/et_pb_image][et_pb_text _builder_version=&#8221;4.21.0&#8243; _module_preset=&#8221;default&#8221; text_font_size=&#8221;16px&#8221; global_colors_info=&#8221;{}&#8221;]<\/p>\n<p>La primera sede a recibir un conjunto de obras nacidas de estos recorridos y recolecci\u00f3n de informaci\u00f3n, im\u00e1genes y sonidos, es el Centro de Cultura Digital ubicado en la Ciudad de M\u00e9xico. <em>5 de abril de 15,232 el tiempo de nada<\/em> abrir\u00e1 sus puertas para el solsticio de verano del hemisferio norte, el 21 de junio de 2023. <em>5 de abril de 15,232 un tiempo sin <\/em><em>testigo<\/em> seguir\u00e1 en el Museo de la Ciudad de Quer\u00e9taro el primero de septiembre de 2023 y <em>5 de abril de 15,232 el infinito ha fracasado<\/em> en el Forum Cultural de Guanajuato, la Galer\u00eda Jes\u00fas Gallardo, el Parque Metropolitano y la Plaza de Gallos en Le\u00f3n el 28 de octubre de 2023.<\/p>\n<p>5 de abril de 15,232 terminar\u00e1 su recorrido en el Centro de Ciencias de Sinaloa en Culiac\u00e1n el 21 de marzo de 2024 cumpliendo una revoluci\u00f3n completa de 365 d\u00edas m\u00e1s uno iniciada en redes y f\u00edsicamente con la proyecci\u00f3n de <em>Lejos todav\u00eda,<\/em> y el performance <em>Sopa <\/em><em>de letras <\/em>en el auditorio del Centro de Cultura Digital el 21 de marzo de 2023, d\u00eda del equinoccio de primavera.<\/p>\n<p>Antes de cerrar esta breve introducci\u00f3n, mencionemos la aportaci\u00f3n esencial del compositor Emilio Hinojosa Carri\u00f3n, sin la cual el universo de Ale de la Puente permanecer\u00eda mudo, los jubilosos dise\u00f1os de Fernando Espinosa que hacen visible toda esta iniciativa, la rigurosa supervisi\u00f3n de Velia Gonz\u00e1lez que evita dejarse sorprender por lo imprevisible y la docta sabidur\u00eda de Nydia Pineda de \u00c1vila, que, como un faro, ilumina esta aventura hacia lo desconocido.<\/p>\n<p>Michel Blancsub\u00e9<\/p>\n<p>* Es verdad que las \u00faltimas noticias del planeta nos hacen ver el futuro menos luminoso de lo que pretendo y el pasado m\u00e1s irradiante de lo que escribo.<\/p>\n<p>[\/et_pb_text][\/et_pb_column][\/et_pb_row][\/et_pb_section][et_pb_section fb_built=&#8221;1&#8243; _builder_version=&#8221;4.21.0&#8243; _module_preset=&#8221;default&#8221; background_color=&#8221;gcid-808be4b0-3d09-4726-9803-713afa3509bf&#8221; custom_padding=&#8221;4px||12px|||&#8221; global_colors_info=&#8221;{%22gcid-808be4b0-3d09-4726-9803-713afa3509bf%22:%91%22background_color%22%93}&#8221;][et_pb_row _builder_version=&#8221;4.21.0&#8243; _module_preset=&#8221;default&#8221; width=&#8221;100%&#8221; max_width=&#8221;2560px&#8221; module_alignment=&#8221;center&#8221; custom_padding=&#8221;7px|||||&#8221; global_colors_info=&#8221;{}&#8221;][et_pb_column type=&#8221;4_4&#8243; _builder_version=&#8221;4.21.0&#8243; _module_preset=&#8221;default&#8221; global_colors_info=&#8221;{}&#8221;][et_pb_divider color=&#8221;gcid-8b327c80-42ce-4469-b0d0-cd77681e6755&#8243; _builder_version=&#8221;4.21.0&#8243; _module_preset=&#8221;default&#8221; custom_margin=&#8221;-5px|||||&#8221; global_colors_info=&#8221;{%22gcid-8b327c80-42ce-4469-b0d0-cd77681e6755%22:%91%22color%22%93}&#8221;][\/et_pb_divider][\/et_pb_column][\/et_pb_row][et_pb_row column_structure=&#8221;1_2,1_2&#8243; _builder_version=&#8221;4.21.0&#8243; _module_preset=&#8221;default&#8221; width=&#8221;100%&#8221; max_width=&#8221;1800px&#8221; module_alignment=&#8221;center&#8221; custom_padding=&#8221;|20px|12px|20px|false|false&#8221; global_colors_info=&#8221;{}&#8221;][et_pb_column type=&#8221;1_2&#8243; _builder_version=&#8221;4.21.0&#8243; _module_preset=&#8221;default&#8221; global_colors_info=&#8221;{}&#8221;][et_pb_image src=&#8221;http:\/\/5deabrilde15232.com\/wp-content\/uploads\/2023\/06\/cadanocheundia-01.png&#8221; title_text=&#8221;cadanocheundia-01&#8243; align=&#8221;center&#8221; _builder_version=&#8221;4.21.0&#8243; _module_preset=&#8221;default&#8221; module_alignment=&#8221;center&#8221; max_height=&#8221;225px&#8221; global_colors_info=&#8221;{}&#8221;][\/et_pb_image][\/et_pb_column][et_pb_column type=&#8221;1_2&#8243; _builder_version=&#8221;4.21.0&#8243; _module_preset=&#8221;default&#8221; global_colors_info=&#8221;{}&#8221;][et_pb_text _builder_version=&#8221;4.21.0&#8243; _module_preset=&#8221;default&#8221; text_font=&#8221;Crimson Pro||||||||&#8221; text_text_color=&#8221;gcid-d06a74c0-103f-41bd-b263-26f07fa3acc5&#8243; text_font_size=&#8221;22px&#8221; header_font=&#8221;Crimson Pro||||||||&#8221; header_3_text_color=&#8221;gcid-d06a74c0-103f-41bd-b263-26f07fa3acc5&#8243; custom_margin=&#8221;||9px|||&#8221; global_colors_info=&#8221;{%22gcid-d06a74c0-103f-41bd-b263-26f07fa3acc5%22:%91%22text_text_color%22,%22header_3_text_color%22%93}&#8221;]<\/p>\n<div class=\"et_pb_module et_pb_text et_pb_text_5  et_pb_text_align_left et_pb_bg_layout_light\">\n<div class=\"et_pb_text_inner\">\n<h3>Cada noche, un d\u00eda, 2023<\/h3>\n<\/div>\n<\/div>\n<div class=\"et_pb_module et_pb_text et_pb_text_6  et_pb_text_align_left et_pb_bg_layout_light\">\n<div class=\"et_pb_text_inner\"><\/div>\n<\/div>\n<p>[\/et_pb_text][et_pb_text _builder_version=&#8221;4.21.0&#8243; _module_preset=&#8221;default&#8221; text_text_color=&#8221;gcid-b8110760-0279-49bf-a31e-b0a3ab27bf7e&#8221; text_font_size=&#8221;16px&#8221; text_line_height=&#8221;1em&#8221; custom_margin=&#8221;-3px||25px|||&#8221; global_colors_info=&#8221;{%22gcid-b8110760-0279-49bf-a31e-b0a3ab27bf7e%22:%91%22text_text_color%22%93}&#8221;]<\/p>\n<p>Ale de la Puente \/ Emilio Hinojosa Carri\u00f3n<\/p>\n<p>Pieza digital ocurriendo en las redes sociales desde el 21 de marzo de 2023.<\/p>\n<p>Constar\u00e1 con 365 + 1 videos al final de su activaci\u00f3n el 21 de marzo de 2024.<\/p>\n<p>Todos los d\u00edas se sube un video de Ale de la Puente con sonido compuesto por Emilio Hinojosa Carri\u00f3n entre estos dos equinoccios de primavera. Interprete: Diego Mor\u00e1bito (flauta traversa).<\/p>\n<p>[\/et_pb_text][et_pb_icon font_icon=&#8221;&#xe09a;||divi||400&#8243; icon_color=&#8221;gcid-8b327c80-42ce-4469-b0d0-cd77681e6755&#8243; icon_width=&#8221;30px&#8221; url=&#8221;https:\/\/www.instagram.com\/cadanocheundia\/&#8221; url_new_window=&#8221;on&#8221; align=&#8221;left&#8221; _builder_version=&#8221;4.21.0&#8243; _module_preset=&#8221;default&#8221; global_colors_info=&#8221;{%22gcid-8b327c80-42ce-4469-b0d0-cd77681e6755%22:%91%22icon_color%22%93}&#8221;][\/et_pb_icon][\/et_pb_column][\/et_pb_row][et_pb_row _builder_version=&#8221;4.21.0&#8243; _module_preset=&#8221;default&#8221; max_width=&#8221;1420px&#8221; module_alignment=&#8221;center&#8221; min_height=&#8221;432.6px&#8221; custom_margin=&#8221;|auto|13px|auto||&#8221; custom_padding=&#8221;||17px|||&#8221; global_colors_info=&#8221;{}&#8221;][et_pb_column type=&#8221;4_4&#8243; _builder_version=&#8221;4.21.0&#8243; _module_preset=&#8221;default&#8221; global_colors_info=&#8221;{}&#8221;][difl_instagramgallery image_to_display=&#8221;6&#8243; layout_mode=&#8221;fitRows&#8221; instagram_user_token=&#8221;IGQVJWbERfd0pYNVdhVkVXcE45cG1uYTFnMGF4dFZAKUVplR3RQVFJPZAEhweVZAkQXV2X09IMWl3NDF2Q3psNXBKc25Udjlnb1BzM1N4bXdqMjZAEZAWI3c3loa1VEbXpJTGNxNXo0S093dFNJWmhLTW5TRQZDZD&#8221; item_limit=&#8221;6&#8243; more_btn_align=&#8221;center&#8221; spinner_color=&#8221;gcid-b8110760-0279-49bf-a31e-b0a3ab27bf7e&#8221; more_btn_bg_bgcolor=&#8221;RGBA(255,255,255,0)&#8221; _builder_version=&#8221;4.21.0&#8243; _module_preset=&#8221;default&#8221; more_btn_text_align=&#8221;center&#8221; more_btn_text_color=&#8221;gcid-8b327c80-42ce-4469-b0d0-cd77681e6755&#8243; more_btn_font_size=&#8221;30px&#8221; min_height=&#8221;429.6px&#8221; custom_margin=&#8221;||19px|||&#8221; hover_enabled=&#8221;0&#8243; border_color_all_image=&#8221;gcid-808be4b0-3d09-4726-9803-713afa3509bf&#8221; global_colors_info=&#8221;{%22gcid-808be4b0-3d09-4726-9803-713afa3509bf%22:%91%22border_color_all_image%22%93,%22gcid-b8110760-0279-49bf-a31e-b0a3ab27bf7e%22:%91%22spinner_color%22%93,%22gcid-8b327c80-42ce-4469-b0d0-cd77681e6755%22:%91%22more_btn_text_color%22%93}&#8221; sticky_enabled=&#8221;0&#8243; custom_padding=&#8221;||0px|||&#8221;][\/difl_instagramgallery][\/et_pb_column][\/et_pb_row][\/et_pb_section]<\/p>\n","protected":false},"excerpt":{"rendered":"<p>5 de abril de 15,232Ale de la Puente\u00a0 |\u00a0 Emilio Hinojosa Carri\u00f3nMichel Blancsub\u00e9\u00a0 | Nydia Pineda de \u00c1vila\u00a0 |\u00a0 Fernando Espinosa\u00a0 |\u00a0 Velia Gonz\u00e1lezUn ciclo solar: entre equinoccios de primavera, 2023-2024Revisitar el pasado e imaginar el futuro son, junto con la obligaci\u00f3n de pensar y vivir el presente, tres ocupaciones comunes de la mente. Oponemos [&hellip;]<\/p>\n","protected":false},"author":2,"featured_media":0,"parent":0,"menu_order":0,"comment_status":"closed","ping_status":"closed","template":"","meta":{"_et_pb_use_builder":"on","_et_pb_old_content":"","_et_gb_content_width":"","footnotes":""},"class_list":["post-174","page","type-page","status-publish","hentry"],"_links":{"self":[{"href":"https:\/\/5deabrilde15232.com\/index.php\/wp-json\/wp\/v2\/pages\/174","targetHints":{"allow":["GET"]}}],"collection":[{"href":"https:\/\/5deabrilde15232.com\/index.php\/wp-json\/wp\/v2\/pages"}],"about":[{"href":"https:\/\/5deabrilde15232.com\/index.php\/wp-json\/wp\/v2\/types\/page"}],"author":[{"embeddable":true,"href":"https:\/\/5deabrilde15232.com\/index.php\/wp-json\/wp\/v2\/users\/2"}],"replies":[{"embeddable":true,"href":"https:\/\/5deabrilde15232.com\/index.php\/wp-json\/wp\/v2\/comments?post=174"}],"version-history":[{"count":39,"href":"https:\/\/5deabrilde15232.com\/index.php\/wp-json\/wp\/v2\/pages\/174\/revisions"}],"predecessor-version":[{"id":338,"href":"https:\/\/5deabrilde15232.com\/index.php\/wp-json\/wp\/v2\/pages\/174\/revisions\/338"}],"wp:attachment":[{"href":"https:\/\/5deabrilde15232.com\/index.php\/wp-json\/wp\/v2\/media?parent=174"}],"curies":[{"name":"wp","href":"https:\/\/api.w.org\/{rel}","templated":true}]}}